{"id":1465,"date":"2025-04-07T11:07:14","date_gmt":"2025-04-07T09:07:14","guid":{"rendered":"https:\/\/le909.com\/wordpress\/?page_id=1465"},"modified":"2025-04-07T13:36:57","modified_gmt":"2025-04-07T11:36:57","slug":"elementor-1465","status":"publish","type":"page","link":"http:\/\/le909.com\/wordpress\/elementor-1465\/","title":{"rendered":"De 2014 \u00e0 2020"},"content":{"rendered":"\t\t<div data-elementor-type=\"wp-page\" data-elementor-id=\"1465\" class=\"elementor elementor-1465\">\n\t\t\t\t<div class=\"elementor-element elementor-element-c6b51ee e-flex e-con-boxed wpr-particle-no wpr-jarallax-no wpr-parallax-no wpr-sticky-section-no e-con e-parent\" data-id=\"c6b51ee\" data-element_type=\"container\" data-e-type=\"container\">\n\t\t\t\t\t<div class=\"e-con-inner\">\n\t\t\t\t<div class=\"elementor-element elementor-element-e84cb8f elementor-widget elementor-widget-heading\" data-id=\"e84cb8f\" data-element_type=\"widget\" data-e-type=\"widget\" data-widget_type=\"heading.default\">\n\t\t\t\t<div class=\"elementor-widget-container\">\n\t\t\t\t\t<h2 class=\"elementor-heading-title elementor-size-default\">Edition 0 du festival <\/h2>\t\t\t\t<\/div>\n\t\t\t\t<\/div>\n\t\t\t\t\t<\/div>\n\t\t\t\t<\/div>\n\t\t<div class=\"elementor-element elementor-element-ba2255b e-flex e-con-boxed wpr-particle-no wpr-jarallax-no wpr-parallax-no wpr-sticky-section-no e-con e-parent\" data-id=\"ba2255b\" data-element_type=\"container\" data-e-type=\"container\">\n\t\t\t\t\t<div class=\"e-con-inner\">\n\t\t\t\t<div class=\"elementor-element elementor-element-55f0777 elementor-widget elementor-widget-video\" data-id=\"55f0777\" data-element_type=\"widget\" data-e-type=\"widget\" data-settings=\"{&quot;video_type&quot;:&quot;hosted&quot;,&quot;controls&quot;:&quot;yes&quot;}\" data-widget_type=\"video.default\">\n\t\t\t\t<div class=\"elementor-widget-container\">\n\t\t\t\t\t\t\t<div class=\"e-hosted-video elementor-wrapper elementor-open-inline\">\n\t\t\t\t\t<video class=\"elementor-video\" src=\"http:\/\/le909.com\/wordpress\/wp-content\/uploads\/2025\/04\/AQOfQ5mmyry11tTDZUuBDV-Sqgpy1eCfO2gF8s6dT9p-0RPHfSU35TirNdq3CKcNJ2o0GSnxZy7Uqd3wnJmAPAC.mp4\" controls=\"\" preload=\"metadata\" controlsList=\"nodownload\"><\/video>\n\t\t\t\t<\/div>\n\t\t\t\t\t\t<\/div>\n\t\t\t\t<\/div>\n\t\t\t\t\t<\/div>\n\t\t\t\t<\/div>\n\t\t<div class=\"elementor-element elementor-element-a31a013 e-flex e-con-boxed wpr-particle-no wpr-jarallax-no wpr-parallax-no wpr-sticky-section-no e-con e-parent\" data-id=\"a31a013\" data-element_type=\"container\" data-e-type=\"container\">\n\t\t\t\t\t<div class=\"e-con-inner\">\n\t\t\t\t<div class=\"elementor-element elementor-element-67de5c6 elementor-widget elementor-widget-text-editor\" data-id=\"67de5c6\" data-element_type=\"widget\" data-e-type=\"widget\" data-widget_type=\"text-editor.default\">\n\t\t\t\t<div class=\"elementor-widget-container\">\n\t\t\t\t\t\t\t\t\t<p>Depuis <strong>2014<\/strong>, le <strong>909<\/strong> organise au mois d&rsquo;ao\u00fbt, un festival de th\u00e9\u00e2tre, de musique, de danse, d&rsquo;expositions ouvert\u00a0\u00e0 tous et port\u00e9 par tous.<\/p>\t\t\t\t\t\t\t\t<\/div>\n\t\t\t\t<\/div>\n\t\t\t\t\t<\/div>\n\t\t\t\t<\/div>\n\t\t<div class=\"elementor-element elementor-element-13968ac e-flex e-con-boxed wpr-particle-no wpr-jarallax-no wpr-parallax-no wpr-sticky-section-no e-con e-parent\" data-id=\"13968ac\" data-element_type=\"container\" data-e-type=\"container\">\n\t\t\t\t\t<div class=\"e-con-inner\">\n\t\t\t\t<div class=\"elementor-element elementor-element-ee8f92f elementor-widget elementor-widget-image\" data-id=\"ee8f92f\" data-element_type=\"widget\" data-e-type=\"widget\" data-widget_type=\"image.default\">\n\t\t\t\t<div class=\"elementor-widget-container\">\n\t\t\t\t\t\t\t\t\t\t\t\t<figure class=\"wp-caption\">\n\t\t\t\t\t\t\t\t\t\t<img fetchpriority=\"high\" decoding=\"async\" width=\"525\" height=\"371\" src=\"http:\/\/le909.com\/wordpress\/wp-content\/uploads\/2021\/05\/A_Page_01-1024x724.jpg\" class=\"attachment-large size-large wp-image-327\" alt=\"\" srcset=\"http:\/\/le909.com\/wordpress\/wp-content\/uploads\/2021\/05\/A_Page_01-1024x724.jpg 1024w, http:\/\/le909.com\/wordpress\/wp-content\/uploads\/2021\/05\/A_Page_01-300x212.jpg 300w, http:\/\/le909.com\/wordpress\/wp-content\/uploads\/2021\/05\/A_Page_01-768x543.jpg 768w, http:\/\/le909.com\/wordpress\/wp-content\/uploads\/2021\/05\/A_Page_01-1536x1086.jpg 1536w, http:\/\/le909.com\/wordpress\/wp-content\/uploads\/2021\/05\/A_Page_01.jpg 1930w\" sizes=\"100vw\" \/>\t\t\t\t\t\t\t\t\t\t\t<figcaption class=\"widget-image-caption wp-caption-text\">Cr\u00e9dit photo : Alma\u00efm <\/figcaption>\n\t\t\t\t\t\t\t\t\t\t<\/figure>\n\t\t\t\t\t\t\t\t\t<\/div>\n\t\t\t\t<\/div>\n\t\t\t\t\t<\/div>\n\t\t\t\t<\/div>\n\t\t<div class=\"elementor-element elementor-element-2ec4ba5 e-flex e-con-boxed wpr-particle-no wpr-jarallax-no wpr-parallax-no wpr-sticky-section-no e-con e-parent\" data-id=\"2ec4ba5\" data-element_type=\"container\" data-e-type=\"container\">\n\t\t\t\t\t<div class=\"e-con-inner\">\n\t\t\t\t<div class=\"elementor-element elementor-element-96d502b elementor-widget elementor-widget-text-editor\" data-id=\"96d502b\" data-element_type=\"widget\" data-e-type=\"widget\" data-widget_type=\"text-editor.default\">\n\t\t\t\t<div class=\"elementor-widget-container\">\n\t\t\t\t\t\t\t\t\t<p><a href=\"https:\/\/le909.com\/wordpress\/wp-content\/uploads\/2021\/05\/Histoire-du-Festival-le-909.pdf\">L&rsquo;histoire du festival en mots et en images<\/a><\/p>\t\t\t\t\t\t\t\t<\/div>\n\t\t\t\t<\/div>\n\t\t\t\t<div class=\"elementor-element elementor-element-37ab996 elementor-align-center elementor-widget elementor-widget-button\" data-id=\"37ab996\" data-element_type=\"widget\" data-e-type=\"widget\" data-widget_type=\"button.default\">\n\t\t\t\t<div class=\"elementor-widget-container\">\n\t\t\t\t\t\t\t\t\t<div class=\"elementor-button-wrapper\">\n\t\t\t\t\t<a class=\"elementor-button elementor-button-link elementor-size-sm\" href=\"https:\/\/le909.com\/wordpress\/wp-content\/uploads\/2021\/05\/Histoire-du-Festival-le-909.pdf\">\n\t\t\t\t\t\t<span class=\"elementor-button-content-wrapper\">\n\t\t\t\t\t\t\t\t\t<span class=\"elementor-button-text\">T\u00e9l\u00e9charger <\/span>\n\t\t\t\t\t<\/span>\n\t\t\t\t\t<\/a>\n\t\t\t\t<\/div>\n\t\t\t\t\t\t\t\t<\/div>\n\t\t\t\t<\/div>\n\t\t\t\t\t<\/div>\n\t\t\t\t<\/div>\n\t\t\t\t<\/div>\n\t\t","protected":false},"excerpt":{"rendered":"<p>Edition 0 du festival http:\/\/le909.com\/wordpress\/wp-content\/uploads\/2025\/04\/AQOfQ5mmyry11tTDZUuBDV-Sqgpy1eCfO2gF8s6dT9p-0RPHfSU35TirNdq3CKcNJ2o0GSnxZy7Uqd3wnJmAPAC.mp4 Depuis 2014, le 909 organise au mois d&rsquo;ao\u00fbt, un festival de th\u00e9\u00e2tre, de musique, de danse, d&rsquo;expositions ouvert\u00a0\u00e0 tous et port\u00e9 par tous. Cr\u00e9dit photo : Alma\u00efm L&rsquo;histoire du festival en mots et en images T\u00e9l\u00e9charger<\/p>\n","protected":false},"author":1,"featured_media":0,"parent":0,"menu_order":0,"comment_status":"closed","ping_status":"closed","template":"","meta":{"footnotes":""},"class_list":["post-1465","page","type-page","status-publish","hentry"],"_links":{"self":[{"href":"http:\/\/le909.com\/wordpress\/wp-json\/wp\/v2\/pages\/1465","targetHints":{"allow":["GET"]}}],"collection":[{"href":"http:\/\/le909.com\/wordpress\/wp-json\/wp\/v2\/pages"}],"about":[{"href":"http:\/\/le909.com\/wordpress\/wp-json\/wp\/v2\/types\/page"}],"author":[{"embeddable":true,"href":"http:\/\/le909.com\/wordpress\/wp-json\/wp\/v2\/users\/1"}],"replies":[{"embeddable":true,"href":"http:\/\/le909.com\/wordpress\/wp-json\/wp\/v2\/comments?post=1465"}],"version-history":[{"count":20,"href":"http:\/\/le909.com\/wordpress\/wp-json\/wp\/v2\/pages\/1465\/revisions"}],"predecessor-version":[{"id":1535,"href":"http:\/\/le909.com\/wordpress\/wp-json\/wp\/v2\/pages\/1465\/revisions\/1535"}],"wp:attachment":[{"href":"http:\/\/le909.com\/wordpress\/wp-json\/wp\/v2\/media?parent=1465"}],"curies":[{"name":"wp","href":"https:\/\/api.w.org\/{rel}","templated":true}]}}