{"id":14,"date":"2020-07-02T17:40:06","date_gmt":"2020-07-02T17:40:06","guid":{"rendered":"http:\/\/le909.com\/wordpress\/?page_id=14"},"modified":"2026-03-05T16:05:53","modified_gmt":"2026-03-05T14:05:53","slug":"accueil","status":"publish","type":"page","link":"https:\/\/le909.com\/wordpress\/","title":{"rendered":"LE 909,  LIEU DE FABRIQUE"},"content":{"rendered":"\t\t<div data-elementor-type=\"wp-page\" data-elementor-id=\"14\" class=\"elementor elementor-14\">\n\t\t\t\t<div class=\"elementor-element elementor-element-738ee23 e-flex e-con-boxed wpr-particle-no wpr-jarallax-no wpr-parallax-no wpr-sticky-section-no e-con e-parent\" data-id=\"738ee23\" data-element_type=\"container\" data-e-type=\"container\">\n\t\t\t\t\t<div class=\"e-con-inner\">\n\t\t\t\t<div class=\"elementor-element elementor-element-48c05fe elementor-widget elementor-widget-button\" data-id=\"48c05fe\" data-element_type=\"widget\" data-e-type=\"widget\" data-widget_type=\"button.default\">\n\t\t\t\t<div class=\"elementor-widget-container\">\n\t\t\t\t\t\t\t\t\t<div class=\"elementor-button-wrapper\">\n\t\t\t\t\t<a class=\"elementor-button elementor-button-link elementor-size-sm\" href=\"https:\/\/www.facebook.com\/le909\">\n\t\t\t\t\t\t<span class=\"elementor-button-content-wrapper\">\n\t\t\t\t\t\t<span class=\"elementor-button-icon\">\n\t\t\t\t<svg aria-hidden=\"true\" class=\"e-font-icon-svg e-fab-facebook\" viewBox=\"0 0 512 512\" xmlns=\"http:\/\/www.w3.org\/2000\/svg\"><path d=\"M504 256C504 119 393 8 256 8S8 119 8 256c0 123.78 90.69 226.38 209.25 245V327.69h-63V256h63v-54.64c0-62.15 37-96.48 93.67-96.48 27.14 0 55.52 4.84 55.52 4.84v61h-31.28c-30.8 0-40.41 19.12-40.41 38.73V256h68.78l-11 71.69h-57.78V501C413.31 482.38 504 379.78 504 256z\"><\/path><\/svg>\t\t\t<\/span>\n\t\t\t\t\t\t\t\t\t<span class=\"elementor-button-text\">Rendez-vous sur notre page Facebook pour plus d'informations <\/span>\n\t\t\t\t\t<\/span>\n\t\t\t\t\t<\/a>\n\t\t\t\t<\/div>\n\t\t\t\t\t\t\t\t<\/div>\n\t\t\t\t<\/div>\n\t\t\t\t\t<\/div>\n\t\t\t\t<\/div>\n\t\t<div class=\"elementor-element elementor-element-f9c51cc e-flex e-con-boxed wpr-particle-no wpr-jarallax-no wpr-parallax-no wpr-sticky-section-no e-con e-parent\" data-id=\"f9c51cc\" data-element_type=\"container\" data-e-type=\"container\">\n\t\t\t\t\t<div class=\"e-con-inner\">\n\t\t\t\t<div class=\"elementor-element elementor-element-8a31dc0 elementor-widget elementor-widget-image\" data-id=\"8a31dc0\" data-element_type=\"widget\" data-e-type=\"widget\" data-widget_type=\"image.default\">\n\t\t\t\t<div class=\"elementor-widget-container\">\n\t\t\t\t\t\t\t\t\t\t\t\t\t\t\t\t<a href=\"https:\/\/le909.com\/wordpress\/le-festival-du-909\/\">\n\t\t\t\t\t\t\t<img fetchpriority=\"high\" decoding=\"async\" width=\"525\" height=\"787\" src=\"https:\/\/le909.com\/wordpress\/wp-content\/uploads\/2026\/02\/image-683x1024.png\" class=\"attachment-large size-large wp-image-2516\" alt=\"\" srcset=\"https:\/\/le909.com\/wordpress\/wp-content\/uploads\/2026\/02\/image-683x1024.png 683w, https:\/\/le909.com\/wordpress\/wp-content\/uploads\/2026\/02\/image-200x300.png 200w, https:\/\/le909.com\/wordpress\/wp-content\/uploads\/2026\/02\/image-768x1152.png 768w, https:\/\/le909.com\/wordpress\/wp-content\/uploads\/2026\/02\/image.png 1024w\" sizes=\"100vw\" \/>\t\t\t\t\t\t\t\t<\/a>\n\t\t\t\t\t\t\t\t\t\t\t\t\t\t\t<\/div>\n\t\t\t\t<\/div>\n\t\t\t\t<div class=\"elementor-element elementor-element-99844fa elementor-widget elementor-widget-text-editor\" data-id=\"99844fa\" data-element_type=\"widget\" data-e-type=\"widget\" data-widget_type=\"text-editor.default\">\n\t\t\t\t<div class=\"elementor-widget-container\">\n\t\t\t\t\t\t\t\t\t<h1><strong><span style=\"color: #ff0000;\">LES ACTUALIT\u00c9S DU 909<\/span><\/strong><\/h1>\n<p data-start=\"0\" data-end=\"274\">L\u2019\u00e9quipe du 909 vous donne rendez-vous du<strong> 12 au 15 ao\u00fbt 2026<\/strong> pour une \u00e9dition exceptionnelle du festival.<\/p>\n<p data-start=\"0\" data-end=\"274\">La programmation, pluridisciplinaire, accessible et exigeante, fera dialoguer les grandes \u0153uvres classiques comme Camus et Shakespeare avec des formes contemporaines.<\/p>\n<p data-start=\"276\" data-end=\"701\" data-is-last-node=\"\" data-is-only-node=\"\">Le temps fort sera la cr\u00e9ation de <em data-start=\"310\" data-end=\"329\">Rom\u00e9o et Juliette<\/em>, un spectacle d\u2019environ deux heures r\u00e9unissant une trentaine d\u2019acteurs, mis en sc\u00e8ne et r\u00e9p\u00e9t\u00e9 la semaine pr\u00e9c\u00e9dant le festival. Une balade th\u00e9\u00e2trale et musicale autour de l\u2019occitan et du po\u00e8me <em data-start=\"524\" data-end=\"551\">L\u2019Aveugle de Castelculier<\/em> de Jasmin, construite avec les habitants, se tiendra pendant l\u2019\u00e9clipse solaire. L\u2019\u00e9v\u00e9nement se cl\u00f4turera par une soir\u00e9e dansante et festive gratuite.<\/p>\n<p data-start=\"292\" data-end=\"376\">\ud83d\udc49\u00a0 Envie d\u2019en savoir plus ? \u00a0Rendez-vous sur la <a href=\"https:\/\/le909.com\/wordpress\/le-festival-du-909\/\"><strong data-start=\"336\" data-end=\"360\">page internet d\u00e9di\u00e9e<\/strong>.<\/a><\/p>\t\t\t\t\t\t\t\t<\/div>\n\t\t\t\t<\/div>\n\t\t\t\t\t<\/div>\n\t\t\t\t<\/div>\n\t\t<div class=\"elementor-element elementor-element-79834a42 e-flex e-con-boxed wpr-particle-no wpr-jarallax-no wpr-parallax-no wpr-sticky-section-no e-con e-parent\" data-id=\"79834a42\" data-element_type=\"container\" data-e-type=\"container\">\n\t\t\t\t\t<div class=\"e-con-inner\">\n\t\t\t\t<div class=\"elementor-element elementor-element-697d0019 elementor-widget elementor-widget-text-editor\" data-id=\"697d0019\" data-element_type=\"widget\" data-e-type=\"widget\" data-widget_type=\"text-editor.default\">\n\t\t\t\t<div class=\"elementor-widget-container\">\n\t\t\t\t\t\t\t\t\t\n<blockquote class=\"wp-block-quote is-layout-flow wp-block-quote-is-layout-flow\">\n<p class=\"has-text-align-center\">&#8212;&#8212;&#8212;&#8212;&#8212;&#8212;&#8212;&#8212;&#8212;&#8212;&#8212;&#8212;&#8212;&#8212;&#8212;&#8212;&#8212;&#8212;&#8212;&#8212;&#8212;&#8212;&#8212;&#8212;&#8212;&#8212;<br \/><strong>\u00ab L&rsquo;\u00e9l\u00e9ment du th\u00e9\u00e2tre est la m\u00e9tamorphose \u00bb<\/strong> Heiner M\u00fcller<br \/>&#8212;&#8212;&#8212;&#8212;&#8212;&#8212;&#8212;&#8212;&#8212;&#8212;&#8212;&#8212;&#8212;&#8212;&#8212;&#8212;&#8212;&#8212;&#8212;&#8212;&#8212;&#8212;&#8212;&#8212;&#8212;&#8212;-<br \/><br \/><em>Transformer l&rsquo;impossible en possible, tracer le chemin, <\/em><br \/><em>pas \u00e0 pas, depuis 2011, \u00e0 votre rencontre, <\/em><br \/><em>avec cette volont\u00e9 intacte, de parvenir \u00e0 \u00ab assembler et unir \u00bb,<\/em><br \/><em>comme le disait Jean Vilar.<\/em><\/p>\n<\/blockquote>\n\n<figure class=\"wp-block-image size-large\"><img decoding=\"async\" width=\"683\" height=\"1024\" class=\"wp-image-160\" src=\"http:\/\/le909.com\/wordpress\/wp-content\/uploads\/2020\/08\/IMG_2320-683x1024.jpg\" alt=\"\" srcset=\"https:\/\/le909.com\/wordpress\/wp-content\/uploads\/2020\/08\/IMG_2320-683x1024.jpg 683w, https:\/\/le909.com\/wordpress\/wp-content\/uploads\/2020\/08\/IMG_2320-200x300.jpg 200w, https:\/\/le909.com\/wordpress\/wp-content\/uploads\/2020\/08\/IMG_2320-768x1152.jpg 768w, https:\/\/le909.com\/wordpress\/wp-content\/uploads\/2020\/08\/IMG_2320-1024x1536.jpg 1024w, https:\/\/le909.com\/wordpress\/wp-content\/uploads\/2020\/08\/IMG_2320-1365x2048.jpg 1365w, https:\/\/le909.com\/wordpress\/wp-content\/uploads\/2020\/08\/IMG_2320-scaled.jpg 1707w\" sizes=\"(max-width: 683px) 100vw, 683px\" \/>\n<figcaption class=\"wp-element-caption\">\u00ab\u00a0Il faut tendre vers l&rsquo;impossible: les grands exploits \u00e0 travers l&rsquo;histoire ont \u00e9t\u00e9 la conqu\u00eate de ce qui semblait impossible.\u00a0\u00bb Charlie Chaplin <em>Cr\u00e9dit photo : Alma\u00efm<\/em><\/figcaption>\n<\/figure>\n\n<p class=\"has-text-align-center\">Avan\u00e7ons lentement, \u00ab\u00a0avec soin, avec soin et pr\u00e9cision &#8211; ce que je crois &#8211; \u00a0\u00bb (Jean-Luc Lagarce) et observons la m\u00e9tamorphose&#8230;<br \/>La m\u00e9tamorphose des doutes en une force de v\u00e9rit\u00e9,<br \/>la m\u00e9tamorphose du th\u00e9\u00e2tre en un besoin de n\u00e9cessit\u00e9,\u00a0 <br \/>la m\u00e9tamorphose de Saint-Amans en un <strong>lieu de fabrique<\/strong> et de cr\u00e9ation,<br \/>la m\u00e9tamorphose de nos vies, \u00e0 l&rsquo;image de l\u2019humanit\u00e9.<\/p>\n\t\t\t\t\t\t\t\t<\/div>\n\t\t\t\t<\/div>\n\t\t\t\t\t<\/div>\n\t\t\t\t<\/div>\n\t\t<div class=\"elementor-element elementor-element-b590335 e-flex e-con-boxed wpr-particle-no wpr-jarallax-no wpr-parallax-no wpr-sticky-section-no e-con e-parent\" data-id=\"b590335\" data-element_type=\"container\" data-e-type=\"container\">\n\t\t\t\t\t<div class=\"e-con-inner\">\n\t\t\t\t<div class=\"elementor-element elementor-element-25aa94e elementor-widget elementor-widget-text-editor\" data-id=\"25aa94e\" data-element_type=\"widget\" data-e-type=\"widget\" data-widget_type=\"text-editor.default\">\n\t\t\t\t<div class=\"elementor-widget-container\">\n\t\t\t\t\t\t\t\t\t\n<p class=\"is-layout-flow wp-block-quote-is-layout-flow\">\n<p class=\"has-text-align-center\">\u00ab ici ailleurs ou autre part \u00bb.<br \/><em>\u00ab Il se peut que tu t&rsquo;en souviennes.<br \/>Sans se conna\u00eetre on s&rsquo;est aim\u00e9s,<br \/>Et m\u00eame si ce n&rsquo;est pas vrai,<br \/>Il faut croire \u00e0 l&rsquo;histoire ancienne.<br \/>Je t&rsquo;ai donn\u00e9 ce que j&rsquo;avais<br \/>De quoi chanter, de quoi r\u00eaver. \u00bb\u00a0<\/em><a href=\"https:\/\/www.youtube.com\/watch?v=JfaEM18OOuM\" target=\"_blank\" rel=\"noreferrer noopener\">( L\u00e9o Ferr\u00e9)<\/a><\/p>\n\n<figure class=\"wp-block-image size-large is-style-default\"><img decoding=\"async\" width=\"768\" height=\"1024\" class=\"wp-image-182\" src=\"http:\/\/le909.com\/wordpress\/wp-content\/uploads\/2020\/08\/14067922_1428982490446058_7939479212927244_o-768x1024.jpg\" alt=\"\" srcset=\"https:\/\/le909.com\/wordpress\/wp-content\/uploads\/2020\/08\/14067922_1428982490446058_7939479212927244_o-768x1024.jpg 768w, https:\/\/le909.com\/wordpress\/wp-content\/uploads\/2020\/08\/14067922_1428982490446058_7939479212927244_o-225x300.jpg 225w, https:\/\/le909.com\/wordpress\/wp-content\/uploads\/2020\/08\/14067922_1428982490446058_7939479212927244_o-1152x1536.jpg 1152w, https:\/\/le909.com\/wordpress\/wp-content\/uploads\/2020\/08\/14067922_1428982490446058_7939479212927244_o.jpg 1536w\" sizes=\"(max-width: 706px) 89vw, (max-width: 767px) 82vw, 740px\" \/>\n<figcaption class=\"wp-element-caption\"><em>Cr\u00e9dit photo : Am\u00e9lie Jimenez<\/em><\/figcaption>\n<\/figure>\n\t\t\t\t\t\t\t\t<\/div>\n\t\t\t\t<\/div>\n\t\t\t\t\t<\/div>\n\t\t\t\t<\/div>\n\t\t<div class=\"elementor-element elementor-element-8dbde87 e-flex e-con-boxed wpr-particle-no wpr-jarallax-no wpr-parallax-no wpr-sticky-section-no e-con e-parent\" data-id=\"8dbde87\" data-element_type=\"container\" data-e-type=\"container\">\n\t\t\t\t\t<div class=\"e-con-inner\">\n\t\t<div class=\"elementor-element elementor-element-d14602d e-con-full e-flex wpr-particle-no wpr-jarallax-no wpr-parallax-no wpr-sticky-section-no e-con e-child\" data-id=\"d14602d\" data-element_type=\"container\" data-e-type=\"container\">\n\t\t\t\t<div class=\"elementor-element elementor-element-0445228 elementor-widget elementor-widget-image\" data-id=\"0445228\" data-element_type=\"widget\" data-e-type=\"widget\" data-widget_type=\"image.default\">\n\t\t\t\t<div class=\"elementor-widget-container\">\n\t\t\t\t\t\t\t\t\t\t\t\t\t\t\t\t<a href=\"https:\/\/www.lotetgaronne.fr\/accueil\" target=\"_blank\">\n\t\t\t\t\t\t\t<img loading=\"lazy\" decoding=\"async\" width=\"300\" height=\"300\" src=\"https:\/\/le909.com\/wordpress\/wp-content\/uploads\/2025\/02\/17353278_1047580702013990_7865202755930114287_n-300x300-1.png\" class=\"attachment-large size-large wp-image-1140\" alt=\"\" srcset=\"https:\/\/le909.com\/wordpress\/wp-content\/uploads\/2025\/02\/17353278_1047580702013990_7865202755930114287_n-300x300-1.png 300w, https:\/\/le909.com\/wordpress\/wp-content\/uploads\/2025\/02\/17353278_1047580702013990_7865202755930114287_n-300x300-1-150x150.png 150w, https:\/\/le909.com\/wordpress\/wp-content\/uploads\/2025\/02\/17353278_1047580702013990_7865202755930114287_n-300x300-1-100x100.png 100w\" sizes=\"100vw\" \/>\t\t\t\t\t\t\t\t<\/a>\n\t\t\t\t\t\t\t\t\t\t\t\t\t\t\t<\/div>\n\t\t\t\t<\/div>\n\t\t\t\t<\/div>\n\t\t<div class=\"elementor-element elementor-element-e876e82 e-con-full e-flex wpr-particle-no wpr-jarallax-no wpr-parallax-no wpr-sticky-section-no e-con e-child\" data-id=\"e876e82\" data-element_type=\"container\" data-e-type=\"container\">\n\t\t\t\t<div class=\"elementor-element elementor-element-b2dfa15 elementor-widget elementor-widget-image\" data-id=\"b2dfa15\" data-element_type=\"widget\" data-e-type=\"widget\" data-widget_type=\"image.default\">\n\t\t\t\t<div class=\"elementor-widget-container\">\n\t\t\t\t\t\t\t\t\t\t\t\t\t\t\t\t<a href=\"https:\/\/ville-de-castelculier.fr\/fr.html\" target=\"_blank\">\n\t\t\t\t\t\t\t<img loading=\"lazy\" decoding=\"async\" width=\"169\" height=\"175\" src=\"https:\/\/le909.com\/wordpress\/wp-content\/uploads\/2025\/05\/Screenshot-2025-05-28-at-10-38-07-Modifier-LE-909-LIEU-DE-FABRIQUE-avec-Elementor2-e1748421731157.png\" class=\"attachment-large size-large wp-image-2060\" alt=\"\" sizes=\"100vw\" \/>\t\t\t\t\t\t\t\t<\/a>\n\t\t\t\t\t\t\t\t\t\t\t\t\t\t\t<\/div>\n\t\t\t\t<\/div>\n\t\t\t\t<\/div>\n\t\t<div class=\"elementor-element elementor-element-b97649c e-con-full e-flex wpr-particle-no wpr-jarallax-no wpr-parallax-no wpr-sticky-section-no e-con e-child\" data-id=\"b97649c\" data-element_type=\"container\" data-e-type=\"container\">\n\t\t\t\t<div class=\"elementor-element elementor-element-5e22e0b elementor-widget elementor-widget-image\" data-id=\"5e22e0b\" data-element_type=\"widget\" data-e-type=\"widget\" data-widget_type=\"image.default\">\n\t\t\t\t<div class=\"elementor-widget-container\">\n\t\t\t\t\t\t\t\t\t\t\t\t\t\t\t\t<a href=\"https:\/\/www.lot-et-garonne.gouv.fr\/\" target=\"_blank\">\n\t\t\t\t\t\t\t<img loading=\"lazy\" decoding=\"async\" width=\"525\" height=\"525\" src=\"https:\/\/le909.com\/wordpress\/wp-content\/uploads\/2025\/09\/Design-sans-titre56.png\" class=\"attachment-large size-large wp-image-2386\" alt=\"\" srcset=\"https:\/\/le909.com\/wordpress\/wp-content\/uploads\/2025\/09\/Design-sans-titre56.png 1024w, https:\/\/le909.com\/wordpress\/wp-content\/uploads\/2025\/09\/Design-sans-titre56-300x300.png 300w, https:\/\/le909.com\/wordpress\/wp-content\/uploads\/2025\/09\/Design-sans-titre56-150x150.png 150w, https:\/\/le909.com\/wordpress\/wp-content\/uploads\/2025\/09\/Design-sans-titre56-768x768.png 768w, https:\/\/le909.com\/wordpress\/wp-content\/uploads\/2025\/09\/Design-sans-titre56-100x100.png 100w\" sizes=\"100vw\" \/>\t\t\t\t\t\t\t\t<\/a>\n\t\t\t\t\t\t\t\t\t\t\t\t\t\t\t<\/div>\n\t\t\t\t<\/div>\n\t\t\t\t<\/div>\n\t\t<div class=\"elementor-element elementor-element-1e01c34 e-con-full e-flex wpr-particle-no wpr-jarallax-no wpr-parallax-no wpr-sticky-section-no e-con e-child\" data-id=\"1e01c34\" data-element_type=\"container\" data-e-type=\"container\">\n\t\t\t\t<div class=\"elementor-element elementor-element-e2fe08d elementor-widget elementor-widget-image\" data-id=\"e2fe08d\" data-element_type=\"widget\" data-e-type=\"widget\" data-widget_type=\"image.default\">\n\t\t\t\t<div class=\"elementor-widget-container\">\n\t\t\t\t\t\t\t\t\t\t\t\t\t\t\t\t<a href=\"https:\/\/le909.com\/wordpress\">\n\t\t\t\t\t\t\t<img loading=\"lazy\" decoding=\"async\" width=\"175\" height=\"175\" src=\"https:\/\/le909.com\/wordpress\/wp-content\/uploads\/2025\/05\/Screenshot-2025-05-28-at-10-38-28-Modifier-LE-909-LIEU-DE-FABRIQUE-avec-Elementor2.png\" class=\"attachment-large size-large wp-image-2057\" alt=\"\" srcset=\"https:\/\/le909.com\/wordpress\/wp-content\/uploads\/2025\/05\/Screenshot-2025-05-28-at-10-38-28-Modifier-LE-909-LIEU-DE-FABRIQUE-avec-Elementor2.png 175w, https:\/\/le909.com\/wordpress\/wp-content\/uploads\/2025\/05\/Screenshot-2025-05-28-at-10-38-28-Modifier-LE-909-LIEU-DE-FABRIQUE-avec-Elementor2-150x150.png 150w, https:\/\/le909.com\/wordpress\/wp-content\/uploads\/2025\/05\/Screenshot-2025-05-28-at-10-38-28-Modifier-LE-909-LIEU-DE-FABRIQUE-avec-Elementor2-100x100.png 100w\" sizes=\"100vw\" \/>\t\t\t\t\t\t\t\t<\/a>\n\t\t\t\t\t\t\t\t\t\t\t\t\t\t\t<\/div>\n\t\t\t\t<\/div>\n\t\t\t\t<\/div>\n\t\t\t\t\t<\/div>\n\t\t\t\t<\/div>\n\t\t\t\t<\/div>\n\t\t","protected":false},"excerpt":{"rendered":"<p>Rendez-vous sur notre page Facebook pour plus d&rsquo;informations LES ACTUALIT\u00c9S DU 909 L\u2019\u00e9quipe du 909 vous donne rendez-vous du 12 au 15 ao\u00fbt 2026 pour une \u00e9dition exceptionnelle du festival. La programmation, pluridisciplinaire, accessible et exigeante, fera dialoguer les grandes \u0153uvres classiques comme Camus et Shakespeare avec des formes contemporaines. Le temps fort sera la cr\u00e9ation de Rom\u00e9o et Juliette, un spectacle d\u2019environ deux heures r\u00e9unissant une trentaine d\u2019acteurs, mis en sc\u00e8ne et r\u00e9p\u00e9t\u00e9 la semaine pr\u00e9c\u00e9dant le festival. Une balade th\u00e9\u00e2trale et musicale autour de l\u2019occitan et du po\u00e8me L\u2019Aveugle de Castelculier de Jasmin, construite avec les habitants, se tiendra pendant l\u2019\u00e9clipse solaire. L\u2019\u00e9v\u00e9nement se cl\u00f4turera par une soir\u00e9e dansante et festive gratuite. \ud83d\udc49\u00a0 Envie d\u2019en savoir plus ? \u00a0Rendez-vous sur la page internet d\u00e9di\u00e9e. Avan\u00e7ons lentement, \u00ab\u00a0avec soin, avec soin et pr\u00e9cision &#8211; ce que je crois &#8211; \u00a0\u00bb (Jean-Luc Lagarce) et observons la m\u00e9tamorphose&#8230;La m\u00e9tamorphose des doutes en une force de v\u00e9rit\u00e9,la m\u00e9tamorphose du th\u00e9\u00e2tre en un besoin de n\u00e9cessit\u00e9,\u00a0 la m\u00e9tamorphose de Saint-Amans en un lieu de fabrique et de cr\u00e9ation,la m\u00e9tamorphose de nos vies, \u00e0 l&rsquo;image de l\u2019humanit\u00e9.<\/p>\n","protected":false},"author":1,"featured_media":0,"parent":0,"menu_order":0,"comment_status":"closed","ping_status":"closed","template":"","meta":{"footnotes":""},"class_list":["post-14","page","type-page","status-publish","hentry"],"_links":{"self":[{"href":"https:\/\/le909.com\/wordpress\/wp-json\/wp\/v2\/pages\/14","targetHints":{"allow":["GET"]}}],"collection":[{"href":"https:\/\/le909.com\/wordpress\/wp-json\/wp\/v2\/pages"}],"about":[{"href":"https:\/\/le909.com\/wordpress\/wp-json\/wp\/v2\/types\/page"}],"author":[{"embeddable":true,"href":"https:\/\/le909.com\/wordpress\/wp-json\/wp\/v2\/users\/1"}],"replies":[{"embeddable":true,"href":"https:\/\/le909.com\/wordpress\/wp-json\/wp\/v2\/comments?post=14"}],"version-history":[{"count":255,"href":"https:\/\/le909.com\/wordpress\/wp-json\/wp\/v2\/pages\/14\/revisions"}],"predecessor-version":[{"id":2703,"href":"https:\/\/le909.com\/wordpress\/wp-json\/wp\/v2\/pages\/14\/revisions\/2703"}],"wp:attachment":[{"href":"https:\/\/le909.com\/wordpress\/wp-json\/wp\/v2\/media?parent=14"}],"curies":[{"name":"wp","href":"https:\/\/api.w.org\/{rel}","templated":true}]}}