{"id":16,"date":"2020-07-02T17:40:06","date_gmt":"2020-07-02T17:40:06","guid":{"rendered":"http:\/\/le909.com\/wordpress\/?page_id=16"},"modified":"2025-06-06T16:08:18","modified_gmt":"2025-06-06T14:08:18","slug":"agenda","status":"publish","type":"page","link":"https:\/\/le909.com\/wordpress\/agenda\/","title":{"rendered":"Infos pratiques \/ Liens"},"content":{"rendered":"\t\t<div data-elementor-type=\"wp-page\" data-elementor-id=\"16\" class=\"elementor elementor-16\">\n\t\t\t\t<div class=\"elementor-element elementor-element-d9687af e-flex e-con-boxed wpr-particle-no wpr-jarallax-no wpr-parallax-no wpr-sticky-section-no e-con e-parent\" data-id=\"d9687af\" data-element_type=\"container\" data-e-type=\"container\">\n\t\t\t\t\t<div class=\"e-con-inner\">\n\t\t\t\t<div class=\"elementor-element elementor-element-d331d97 e-n-tabs-mobile elementor-widget elementor-widget-n-tabs\" data-id=\"d331d97\" data-element_type=\"widget\" data-e-type=\"widget\" data-settings=\"{&quot;horizontal_scroll&quot;:&quot;disable&quot;}\" data-widget_type=\"nested-tabs.default\">\n\t\t\t\t<div class=\"elementor-widget-container\">\n\t\t\t\t\t\t\t<div class=\"e-n-tabs\" data-widget-number=\"221453719\" aria-label=\"Onglets. Ouvrez des \u00e9l\u00e9ments avec Entrer ou Espace, fermez-les avec Echape et naviguez \u00e0 l&#039;aide des touches fl\u00e9ch\u00e9es.\">\n\t\t\t<div class=\"e-n-tabs-heading\" role=\"tablist\">\n\t\t\t\t\t<button id=\"e-n-tab-title-2214537191\" data-tab-title-id=\"e-n-tab-title-2214537191\" class=\"e-n-tab-title\" aria-selected=\"true\" data-tab-index=\"1\" role=\"tab\" tabindex=\"0\" aria-controls=\"e-n-tab-content-2214537191\" style=\"--n-tabs-title-order: 1;\">\n\t\t\t\t\t\t<span class=\"e-n-tab-title-text\">\n\t\t\t\tLes partenaires du 909\t\t\t<\/span>\n\t\t<\/button>\n\t\t\t\t<button id=\"e-n-tab-title-2214537192\" data-tab-title-id=\"e-n-tab-title-2214537192\" class=\"e-n-tab-title\" aria-selected=\"false\" data-tab-index=\"2\" role=\"tab\" tabindex=\"-1\" aria-controls=\"e-n-tab-content-2214537192\" style=\"--n-tabs-title-order: 2;\">\n\t\t\t\t\t\t<span class=\"e-n-tab-title-text\">\n\t\t\t\tLes amis du 909\t\t\t<\/span>\n\t\t<\/button>\n\t\t\t\t<button id=\"e-n-tab-title-2214537193\" data-tab-title-id=\"e-n-tab-title-2214537193\" class=\"e-n-tab-title\" aria-selected=\"false\" data-tab-index=\"3\" role=\"tab\" tabindex=\"-1\" aria-controls=\"e-n-tab-content-2214537193\" style=\"--n-tabs-title-order: 3;\">\n\t\t\t\t\t\t<span class=\"e-n-tab-title-text\">\n\t\t\t\tNous trouver\t\t\t<\/span>\n\t\t<\/button>\n\t\t\t\t<button id=\"e-n-tab-title-2214537194\" data-tab-title-id=\"e-n-tab-title-2214537194\" class=\"e-n-tab-title\" aria-selected=\"false\" data-tab-index=\"4\" role=\"tab\" tabindex=\"-1\" aria-controls=\"e-n-tab-content-2214537194\" style=\"--n-tabs-title-order: 4;\">\n\t\t\t\t\t\t<span class=\"e-n-tab-title-text\">\n\t\t\t\tNous contacter\t\t\t<\/span>\n\t\t<\/button>\n\t\t\t\t\t<\/div>\n\t\t\t<div class=\"e-n-tabs-content\">\n\t\t\t\t<div id=\"e-n-tab-content-2214537191\" role=\"tabpanel\" aria-labelledby=\"e-n-tab-title-2214537191\" data-tab-index=\"1\" style=\"--n-tabs-title-order: 1;\" class=\"e-active elementor-element elementor-element-a14fbae e-flex e-con-boxed wpr-particle-no wpr-jarallax-no wpr-parallax-no wpr-sticky-section-no e-con e-child\" data-id=\"a14fbae\" data-element_type=\"container\" data-e-type=\"container\">\n\t\t\t\t\t<div class=\"e-con-inner\">\n\t\t<div class=\"elementor-element elementor-element-8f56e2d e-con-full e-flex wpr-particle-no wpr-jarallax-no wpr-parallax-no wpr-sticky-section-no e-con e-child\" data-id=\"8f56e2d\" data-element_type=\"container\" data-e-type=\"container\">\n\t\t\t\t<div class=\"elementor-element elementor-element-e5f7559 elementor-widget elementor-widget-image\" data-id=\"e5f7559\" data-element_type=\"widget\" data-e-type=\"widget\" data-widget_type=\"image.default\">\n\t\t\t\t<div class=\"elementor-widget-container\">\n\t\t\t\t\t\t\t\t\t\t\t\t\t\t\t\t<a href=\"https:\/\/www.ville-de-castelculier.fr\/fr.html\">\n\t\t\t\t\t\t\t<img decoding=\"async\" width=\"169\" height=\"175\" src=\"https:\/\/le909.com\/wordpress\/wp-content\/uploads\/2025\/05\/Screenshot-2025-05-28-at-10-38-07-Modifier-LE-909-LIEU-DE-FABRIQUE-avec-Elementor2-e1748421731157.png\" class=\"attachment-large size-large wp-image-2060\" alt=\"\" sizes=\"100vw\" \/>\t\t\t\t\t\t\t\t<\/a>\n\t\t\t\t\t\t\t\t\t\t\t\t\t\t\t<\/div>\n\t\t\t\t<\/div>\n\t\t\t\t<\/div>\n\t\t<div class=\"elementor-element elementor-element-aafc0c6 e-con-full e-flex wpr-particle-no wpr-jarallax-no wpr-parallax-no wpr-sticky-section-no e-con e-child\" data-id=\"aafc0c6\" data-element_type=\"container\" data-e-type=\"container\">\n\t\t\t\t<div class=\"elementor-element elementor-element-af7a49c elementor-widget elementor-widget-image\" data-id=\"af7a49c\" data-element_type=\"widget\" data-e-type=\"widget\" data-widget_type=\"image.default\">\n\t\t\t\t<div class=\"elementor-widget-container\">\n\t\t\t\t\t\t\t\t\t\t\t\t\t\t\t\t<a href=\"https:\/\/www.lotetgaronne.fr\/accueil\">\n\t\t\t\t\t\t\t<img decoding=\"async\" width=\"174\" height=\"175\" src=\"https:\/\/le909.com\/wordpress\/wp-content\/uploads\/2025\/05\/Screenshot-2025-05-28-at-10-37-51-Modifier-LE-909-LIEU-DE-FABRIQUE-avec-Elementor1.png\" class=\"attachment-large size-large wp-image-2058\" alt=\"\" srcset=\"https:\/\/le909.com\/wordpress\/wp-content\/uploads\/2025\/05\/Screenshot-2025-05-28-at-10-37-51-Modifier-LE-909-LIEU-DE-FABRIQUE-avec-Elementor1.png 174w, https:\/\/le909.com\/wordpress\/wp-content\/uploads\/2025\/05\/Screenshot-2025-05-28-at-10-37-51-Modifier-LE-909-LIEU-DE-FABRIQUE-avec-Elementor1-150x150.png 150w, https:\/\/le909.com\/wordpress\/wp-content\/uploads\/2025\/05\/Screenshot-2025-05-28-at-10-37-51-Modifier-LE-909-LIEU-DE-FABRIQUE-avec-Elementor1-100x100.png 100w\" sizes=\"100vw\" \/>\t\t\t\t\t\t\t\t<\/a>\n\t\t\t\t\t\t\t\t\t\t\t\t\t\t\t<\/div>\n\t\t\t\t<\/div>\n\t\t\t\t<\/div>\n\t\t<div class=\"elementor-element elementor-element-a59869f e-con-full e-flex wpr-particle-no wpr-jarallax-no wpr-parallax-no wpr-sticky-section-no e-con e-child\" data-id=\"a59869f\" data-element_type=\"container\" data-e-type=\"container\">\n\t\t\t\t<div class=\"elementor-element elementor-element-952681b elementor-widget elementor-widget-image\" data-id=\"952681b\" data-element_type=\"widget\" data-e-type=\"widget\" data-widget_type=\"image.default\">\n\t\t\t\t<div class=\"elementor-widget-container\">\n\t\t\t\t\t\t\t\t\t\t\t\t\t\t\t\t<a href=\"https:\/\/saintcapraisdelerm.fr\/\">\n\t\t\t\t\t\t\t<img decoding=\"async\" width=\"160\" height=\"75\" src=\"https:\/\/le909.com\/wordpress\/wp-content\/uploads\/2025\/05\/Screenshot-2025-05-28-at-11-03-16-Modifier-Infos-pratiques-_-Liens-avec-Elementor1.png\" class=\"attachment-large size-large wp-image-2085\" alt=\"\" sizes=\"100vw\" \/>\t\t\t\t\t\t\t\t<\/a>\n\t\t\t\t\t\t\t\t\t\t\t\t\t\t\t<\/div>\n\t\t\t\t<\/div>\n\t\t\t\t<\/div>\n\t\t<div class=\"elementor-element elementor-element-59ba12f e-con-full e-flex wpr-particle-no wpr-jarallax-no wpr-parallax-no wpr-sticky-section-no e-con e-child\" data-id=\"59ba12f\" data-element_type=\"container\" data-e-type=\"container\">\n\t\t\t\t<div class=\"elementor-element elementor-element-e911639 elementor-widget elementor-widget-image\" data-id=\"e911639\" data-element_type=\"widget\" data-e-type=\"widget\" data-widget_type=\"image.default\">\n\t\t\t\t<div class=\"elementor-widget-container\">\n\t\t\t\t\t\t\t\t\t\t\t\t\t\t\t\t<a href=\"https:\/\/www.jmson.net\/\">\n\t\t\t\t\t\t\t<img loading=\"lazy\" decoding=\"async\" width=\"262\" height=\"62\" src=\"https:\/\/le909.com\/wordpress\/wp-content\/uploads\/2025\/04\/logo_jmson.png\" class=\"attachment-large size-large wp-image-1566\" alt=\"\" sizes=\"100vw\" \/>\t\t\t\t\t\t\t\t<\/a>\n\t\t\t\t\t\t\t\t\t\t\t\t\t\t\t<\/div>\n\t\t\t\t<\/div>\n\t\t\t\t<\/div>\n\t\t<div class=\"elementor-element elementor-element-a5f856e e-con-full e-flex wpr-particle-no wpr-jarallax-no wpr-parallax-no wpr-sticky-section-no e-con e-child\" data-id=\"a5f856e\" data-element_type=\"container\" data-e-type=\"container\">\n\t\t\t\t<div class=\"elementor-element elementor-element-7235eca elementor-widget elementor-widget-image\" data-id=\"7235eca\" data-element_type=\"widget\" data-e-type=\"widget\" data-widget_type=\"image.default\">\n\t\t\t\t<div class=\"elementor-widget-container\">\n\t\t\t\t\t\t\t\t\t\t\t\t\t\t\t\t<a href=\"https:\/\/www.audiolight-agen.com\/\">\n\t\t\t\t\t\t\t<img loading=\"lazy\" decoding=\"async\" width=\"142\" height=\"64\" src=\"https:\/\/le909.com\/wordpress\/wp-content\/uploads\/2025\/05\/Screenshot-2025-05-28-at-11-04-00-Modifier-Infos-pratiques-_-Liens-avec-Elementor1-e1748423110729.png\" class=\"attachment-large size-large wp-image-2086\" alt=\"\" sizes=\"100vw\" \/>\t\t\t\t\t\t\t\t<\/a>\n\t\t\t\t\t\t\t\t\t\t\t\t\t\t\t<\/div>\n\t\t\t\t<\/div>\n\t\t\t\t<\/div>\n\t\t<div class=\"elementor-element elementor-element-86d3a9d e-con-full e-flex wpr-particle-no wpr-jarallax-no wpr-parallax-no wpr-sticky-section-no e-con e-child\" data-id=\"86d3a9d\" data-element_type=\"container\" data-e-type=\"container\">\n\t\t\t\t<\/div>\n\t\t\t\t\t<\/div>\n\t\t\t\t<\/div>\n\t\t<div id=\"e-n-tab-content-2214537192\" role=\"tabpanel\" aria-labelledby=\"e-n-tab-title-2214537192\" data-tab-index=\"2\" style=\"--n-tabs-title-order: 2;\" class=\" elementor-element elementor-element-cb8b674 e-flex e-con-boxed wpr-particle-no wpr-jarallax-no wpr-parallax-no wpr-sticky-section-no e-con e-child\" data-id=\"cb8b674\" data-element_type=\"container\" data-e-type=\"container\">\n\t\t\t\t\t<div class=\"e-con-inner\">\n\t\t<div class=\"elementor-element elementor-element-d85fcbb e-con-full e-flex wpr-particle-no wpr-jarallax-no wpr-parallax-no wpr-sticky-section-no e-con e-child\" data-id=\"d85fcbb\" data-element_type=\"container\" data-e-type=\"container\">\n\t\t\t\t<div class=\"elementor-element elementor-element-19161e0 elementor-widget elementor-widget-image\" data-id=\"19161e0\" data-element_type=\"widget\" data-e-type=\"widget\" data-widget_type=\"image.default\">\n\t\t\t\t<div class=\"elementor-widget-container\">\n\t\t\t\t\t\t\t\t\t\t\t\t\t\t\t\t<a href=\"https:\/\/www.envotrecompagnie.fr\/\" target=\"_blank\">\n\t\t\t\t\t\t\t<img loading=\"lazy\" decoding=\"async\" width=\"525\" height=\"106\" src=\"https:\/\/le909.com\/wordpress\/wp-content\/uploads\/2025\/04\/Capture-decran-2025-04-18-151025.png\" class=\"attachment-large size-large wp-image-1997\" alt=\"\" srcset=\"https:\/\/le909.com\/wordpress\/wp-content\/uploads\/2025\/04\/Capture-decran-2025-04-18-151025.png 1017w, https:\/\/le909.com\/wordpress\/wp-content\/uploads\/2025\/04\/Capture-decran-2025-04-18-151025-300x60.png 300w, https:\/\/le909.com\/wordpress\/wp-content\/uploads\/2025\/04\/Capture-decran-2025-04-18-151025-768x155.png 768w\" sizes=\"100vw\" \/>\t\t\t\t\t\t\t\t<\/a>\n\t\t\t\t\t\t\t\t\t\t\t\t\t\t\t<\/div>\n\t\t\t\t<\/div>\n\t\t\t\t<\/div>\n\t\t<div class=\"elementor-element elementor-element-9cea6fe e-con-full e-flex wpr-particle-no wpr-jarallax-no wpr-parallax-no wpr-sticky-section-no e-con e-child\" data-id=\"9cea6fe\" data-element_type=\"container\" data-e-type=\"container\">\n\t\t\t\t<div class=\"elementor-element elementor-element-48b97fc elementor-widget elementor-widget-image\" data-id=\"48b97fc\" data-element_type=\"widget\" data-e-type=\"widget\" data-widget_type=\"image.default\">\n\t\t\t\t<div class=\"elementor-widget-container\">\n\t\t\t\t\t\t\t\t\t\t\t\t\t\t\t\t<a href=\"https:\/\/www.cieribambelle.com\/\" target=\"_blank\">\n\t\t\t\t\t\t\t<img loading=\"lazy\" decoding=\"async\" width=\"159\" height=\"159\" src=\"https:\/\/le909.com\/wordpress\/wp-content\/uploads\/2025\/05\/Screenshot-2025-05-28-at-11-10-50-Modifier-Infos-pratiques-_-Liens-avec-Elementor1.png\" class=\"attachment-large size-large wp-image-2098\" alt=\"\" srcset=\"https:\/\/le909.com\/wordpress\/wp-content\/uploads\/2025\/05\/Screenshot-2025-05-28-at-11-10-50-Modifier-Infos-pratiques-_-Liens-avec-Elementor1.png 159w, https:\/\/le909.com\/wordpress\/wp-content\/uploads\/2025\/05\/Screenshot-2025-05-28-at-11-10-50-Modifier-Infos-pratiques-_-Liens-avec-Elementor1-150x150.png 150w, https:\/\/le909.com\/wordpress\/wp-content\/uploads\/2025\/05\/Screenshot-2025-05-28-at-11-10-50-Modifier-Infos-pratiques-_-Liens-avec-Elementor1-100x100.png 100w\" sizes=\"100vw\" \/>\t\t\t\t\t\t\t\t<\/a>\n\t\t\t\t\t\t\t\t\t\t\t\t\t\t\t<\/div>\n\t\t\t\t<\/div>\n\t\t\t\t<\/div>\n\t\t<div class=\"elementor-element elementor-element-c568d52 e-con-full e-flex wpr-particle-no wpr-jarallax-no wpr-parallax-no wpr-sticky-section-no e-con e-child\" data-id=\"c568d52\" data-element_type=\"container\" data-e-type=\"container\">\n\t\t\t\t<div class=\"elementor-element elementor-element-1969639 elementor-widget elementor-widget-image\" data-id=\"1969639\" data-element_type=\"widget\" data-e-type=\"widget\" data-widget_type=\"image.default\">\n\t\t\t\t<div class=\"elementor-widget-container\">\n\t\t\t\t\t\t\t\t\t\t\t\t\t\t\t\t<a href=\"https:\/\/www.facebook.com\/lesgeorgiques\/\" target=\"_blank\">\n\t\t\t\t\t\t\t<img loading=\"lazy\" decoding=\"async\" width=\"160\" height=\"160\" src=\"https:\/\/le909.com\/wordpress\/wp-content\/uploads\/2025\/05\/Screenshot-2025-05-28-at-11-10-14-Modifier-Infos-pratiques-_-Liens-avec-Elementor1.png\" class=\"attachment-large size-large wp-image-2097\" alt=\"\" srcset=\"https:\/\/le909.com\/wordpress\/wp-content\/uploads\/2025\/05\/Screenshot-2025-05-28-at-11-10-14-Modifier-Infos-pratiques-_-Liens-avec-Elementor1.png 160w, https:\/\/le909.com\/wordpress\/wp-content\/uploads\/2025\/05\/Screenshot-2025-05-28-at-11-10-14-Modifier-Infos-pratiques-_-Liens-avec-Elementor1-150x150.png 150w, https:\/\/le909.com\/wordpress\/wp-content\/uploads\/2025\/05\/Screenshot-2025-05-28-at-11-10-14-Modifier-Infos-pratiques-_-Liens-avec-Elementor1-100x100.png 100w\" sizes=\"100vw\" \/>\t\t\t\t\t\t\t\t<\/a>\n\t\t\t\t\t\t\t\t\t\t\t\t\t\t\t<\/div>\n\t\t\t\t<\/div>\n\t\t\t\t<\/div>\n\t\t<div class=\"elementor-element elementor-element-9992c6b e-con-full e-flex wpr-particle-no wpr-jarallax-no wpr-parallax-no wpr-sticky-section-no e-con e-child\" data-id=\"9992c6b\" data-element_type=\"container\" data-e-type=\"container\">\n\t\t\t\t<div class=\"elementor-element elementor-element-0d23a94 elementor-widget elementor-widget-image\" data-id=\"0d23a94\" data-element_type=\"widget\" data-e-type=\"widget\" data-widget_type=\"image.default\">\n\t\t\t\t<div class=\"elementor-widget-container\">\n\t\t\t\t\t\t\t\t\t\t\t\t\t\t\t\t<a href=\"https:\/\/www.ciebricabrac.com\/\" target=\"_blank\">\n\t\t\t\t\t\t\t<img loading=\"lazy\" decoding=\"async\" width=\"159\" height=\"139\" src=\"https:\/\/le909.com\/wordpress\/wp-content\/uploads\/2025\/05\/Screenshot-2025-05-28-at-11-11-26-Modifier-Infos-pratiques-_-Liens-avec-Elementor1-e1748423816631.png\" class=\"attachment-large size-large wp-image-2099\" alt=\"\" sizes=\"100vw\" \/>\t\t\t\t\t\t\t\t<\/a>\n\t\t\t\t\t\t\t\t\t\t\t\t\t\t\t<\/div>\n\t\t\t\t<\/div>\n\t\t\t\t<div class=\"elementor-element elementor-element-f93aff3 elementor-widget elementor-widget-image\" data-id=\"f93aff3\" data-element_type=\"widget\" data-e-type=\"widget\" data-widget_type=\"image.default\">\n\t\t\t\t<div class=\"elementor-widget-container\">\n\t\t\t\t\t\t\t\t\t\t\t\t\t\t\t\t<a href=\"http:\/\/www.compagnie-promethee.fr\/\" target=\"_blank\">\n\t\t\t\t\t\t\t<img loading=\"lazy\" decoding=\"async\" width=\"159\" height=\"159\" src=\"https:\/\/le909.com\/wordpress\/wp-content\/uploads\/2025\/05\/Screenshot-2025-05-28-at-11-13-29-Modifier-Infos-pratiques-_-Liens-avec-Elementor1.png\" class=\"attachment-large size-large wp-image-2102\" alt=\"\" srcset=\"https:\/\/le909.com\/wordpress\/wp-content\/uploads\/2025\/05\/Screenshot-2025-05-28-at-11-13-29-Modifier-Infos-pratiques-_-Liens-avec-Elementor1.png 159w, https:\/\/le909.com\/wordpress\/wp-content\/uploads\/2025\/05\/Screenshot-2025-05-28-at-11-13-29-Modifier-Infos-pratiques-_-Liens-avec-Elementor1-150x150.png 150w, https:\/\/le909.com\/wordpress\/wp-content\/uploads\/2025\/05\/Screenshot-2025-05-28-at-11-13-29-Modifier-Infos-pratiques-_-Liens-avec-Elementor1-100x100.png 100w\" sizes=\"100vw\" \/>\t\t\t\t\t\t\t\t<\/a>\n\t\t\t\t\t\t\t\t\t\t\t\t\t\t\t<\/div>\n\t\t\t\t<\/div>\n\t\t\t\t<\/div>\n\t\t<div class=\"elementor-element elementor-element-e6b9384 e-con-full e-flex wpr-particle-no wpr-jarallax-no wpr-parallax-no wpr-sticky-section-no e-con e-child\" data-id=\"e6b9384\" data-element_type=\"container\" data-e-type=\"container\">\n\t\t\t\t<div class=\"elementor-element elementor-element-ed2032d elementor-widget elementor-widget-image\" data-id=\"ed2032d\" data-element_type=\"widget\" data-e-type=\"widget\" data-widget_type=\"image.default\">\n\t\t\t\t<div class=\"elementor-widget-container\">\n\t\t\t\t\t\t\t\t\t\t\t\t\t\t\t\t<a href=\"https:\/\/prisdanslesphares.com\/\" target=\"_blank\">\n\t\t\t\t\t\t\t<img loading=\"lazy\" decoding=\"async\" width=\"159\" height=\"159\" src=\"https:\/\/le909.com\/wordpress\/wp-content\/uploads\/2025\/05\/Screenshot-2025-05-28-at-11-12-09-Modifier-Infos-pratiques-_-Liens-avec-Elementor1.png\" class=\"attachment-large size-large wp-image-2100\" alt=\"\" srcset=\"https:\/\/le909.com\/wordpress\/wp-content\/uploads\/2025\/05\/Screenshot-2025-05-28-at-11-12-09-Modifier-Infos-pratiques-_-Liens-avec-Elementor1.png 159w, https:\/\/le909.com\/wordpress\/wp-content\/uploads\/2025\/05\/Screenshot-2025-05-28-at-11-12-09-Modifier-Infos-pratiques-_-Liens-avec-Elementor1-150x150.png 150w, https:\/\/le909.com\/wordpress\/wp-content\/uploads\/2025\/05\/Screenshot-2025-05-28-at-11-12-09-Modifier-Infos-pratiques-_-Liens-avec-Elementor1-100x100.png 100w\" sizes=\"100vw\" \/>\t\t\t\t\t\t\t\t<\/a>\n\t\t\t\t\t\t\t\t\t\t\t\t\t\t\t<\/div>\n\t\t\t\t<\/div>\n\t\t\t\t<\/div>\n\t\t<div class=\"elementor-element elementor-element-eea5b6a e-con-full e-flex wpr-particle-no wpr-jarallax-no wpr-parallax-no wpr-sticky-section-no e-con e-child\" data-id=\"eea5b6a\" data-element_type=\"container\" data-e-type=\"container\">\n\t\t\t\t<div class=\"elementor-element elementor-element-d1e96d1 elementor-widget elementor-widget-image\" data-id=\"d1e96d1\" data-element_type=\"widget\" data-e-type=\"widget\" data-widget_type=\"image.default\">\n\t\t\t\t<div class=\"elementor-widget-container\">\n\t\t\t\t\t\t\t\t\t\t\t\t\t\t\t\t<a href=\"https:\/\/compagnieravage.fr\/\" target=\"_blank\">\n\t\t\t\t\t\t\t<img loading=\"lazy\" decoding=\"async\" width=\"135\" height=\"159\" src=\"https:\/\/le909.com\/wordpress\/wp-content\/uploads\/2025\/05\/Screenshot-2025-05-28-at-11-12-54-Modifier-Infos-pratiques-_-Liens-avec-Elementor1-e1748423770303.png\" class=\"attachment-large size-large wp-image-2101\" alt=\"\" sizes=\"100vw\" \/>\t\t\t\t\t\t\t\t<\/a>\n\t\t\t\t\t\t\t\t\t\t\t\t\t\t\t<\/div>\n\t\t\t\t<\/div>\n\t\t\t\t<\/div>\n\t\t\t\t\t<\/div>\n\t\t\t\t<\/div>\n\t\t<div id=\"e-n-tab-content-2214537193\" role=\"tabpanel\" aria-labelledby=\"e-n-tab-title-2214537193\" data-tab-index=\"3\" style=\"--n-tabs-title-order: 3;\" class=\" elementor-element elementor-element-9b78f15 e-con-full e-flex wpr-particle-no wpr-jarallax-no wpr-parallax-no wpr-sticky-section-no e-con e-child\" data-id=\"9b78f15\" data-element_type=\"container\" data-e-type=\"container\">\n\t\t\t\t<div class=\"elementor-element elementor-element-fc4b950 elementor-widget elementor-widget-text-editor\" data-id=\"fc4b950\" data-element_type=\"widget\" data-e-type=\"widget\" data-widget_type=\"text-editor.default\">\n\t\t\t\t<div class=\"elementor-widget-container\">\n\t\t\t\t\t\t\t\t\t<p><strong><span style=\"color: #000000;\">Pour nous trouver :<\/span><\/strong><\/p><p><span style=\"color: #000000;\">le 909, 51 avenue de l&rsquo;Abb\u00e9 Mercherz 47240 Castelculier<\/span><\/p>\t\t\t\t\t\t\t\t<\/div>\n\t\t\t\t<\/div>\n\t\t\t\t<div class=\"elementor-element elementor-element-4218cb5 elementor-widget elementor-widget-google_maps\" data-id=\"4218cb5\" data-element_type=\"widget\" data-e-type=\"widget\" data-widget_type=\"google_maps.default\">\n\t\t\t\t<div class=\"elementor-widget-container\">\n\t\t\t\t\t\t\t<div class=\"elementor-custom-embed\">\n\t\t\t<iframe loading=\"lazy\"\n\t\t\t\t\tsrc=\"https:\/\/maps.google.com\/maps?q=le%20909%20&#038;t=m&#038;z=10&#038;output=embed&#038;iwloc=near\"\n\t\t\t\t\ttitle=\"le 909 \"\n\t\t\t\t\taria-label=\"le 909 \"\n\t\t\t><\/iframe>\n\t\t<\/div>\n\t\t\t\t\t\t<\/div>\n\t\t\t\t<\/div>\n\t\t\t\t<\/div>\n\t\t<div id=\"e-n-tab-content-2214537194\" role=\"tabpanel\" aria-labelledby=\"e-n-tab-title-2214537194\" data-tab-index=\"4\" style=\"--n-tabs-title-order: 4;\" class=\" elementor-element elementor-element-00fec83 e-flex e-con-boxed wpr-particle-no wpr-jarallax-no wpr-parallax-no wpr-sticky-section-no e-con e-child\" data-id=\"00fec83\" data-element_type=\"container\" data-e-type=\"container\">\n\t\t\t\t\t<div class=\"e-con-inner\">\n\t\t<div class=\"elementor-element elementor-element-d94ab93 e-con-full e-flex wpr-particle-no wpr-jarallax-no wpr-parallax-no wpr-sticky-section-no e-con e-child\" data-id=\"d94ab93\" data-element_type=\"container\" data-e-type=\"container\">\n\t\t\t\t<div class=\"elementor-element elementor-element-2200bf9 elementor-widget elementor-widget-text-editor\" data-id=\"2200bf9\" data-element_type=\"widget\" data-e-type=\"widget\" data-widget_type=\"text-editor.default\">\n\t\t\t\t<div class=\"elementor-widget-container\">\n\t\t\t\t\t\t\t\t\t<p><strong>Pour nous joindre:<\/strong><\/p><p>06 59 16 53 88<br \/><a href=\"mailto:le909mail@gmail.com\">le909mail@gmail.com<\/a><\/p>\t\t\t\t\t\t\t\t<\/div>\n\t\t\t\t<\/div>\n\t\t\t\t<div class=\"elementor-element elementor-element-de27259 elementor-widget-divider--view-line elementor-widget elementor-widget-divider\" data-id=\"de27259\" data-element_type=\"widget\" data-e-type=\"widget\" data-widget_type=\"divider.default\">\n\t\t\t\t<div class=\"elementor-widget-container\">\n\t\t\t\t\t\t\t<div class=\"elementor-divider\">\n\t\t\t<span class=\"elementor-divider-separator\">\n\t\t\t\t\t\t<\/span>\n\t\t<\/div>\n\t\t\t\t\t\t<\/div>\n\t\t\t\t<\/div>\n\t\t\t\t<div class=\"elementor-element elementor-element-344e52e elementor-widget elementor-widget-text-editor\" data-id=\"344e52e\" data-element_type=\"widget\" data-e-type=\"widget\" data-widget_type=\"text-editor.default\">\n\t\t\t\t<div class=\"elementor-widget-container\">\n\t\t\t\t\t\t\t\t\t<p><strong>Pour nous \u00e9crire:<\/strong><\/p><p>Le 909<br>Mairie<br>47240 Castelculier<\/p>\t\t\t\t\t\t\t\t<\/div>\n\t\t\t\t<\/div>\n\t\t\t\t<\/div>\n\t\t\t\t\t<\/div>\n\t\t\t\t<\/div>\n\t\t\t\t\t<\/div>\n\t\t<\/div>\n\t\t\t\t\t\t<\/div>\n\t\t\t\t<\/div>\n\t\t\t\t\t<\/div>\n\t\t\t\t<\/div>\n\t\t<div class=\"elementor-element elementor-element-372138c e-flex e-con-boxed wpr-particle-no wpr-jarallax-no wpr-parallax-no wpr-sticky-section-no e-con e-parent\" data-id=\"372138c\" data-element_type=\"container\" data-e-type=\"container\">\n\t\t\t\t\t<div class=\"e-con-inner\">\n\t\t\t\t\t<\/div>\n\t\t\t\t<\/div>\n\t\t\t\t<\/div>\n\t\t","protected":false},"excerpt":{"rendered":"<p>Les partenaires du 909 Les amis du 909 Nous trouver Nous contacter Pour nous trouver : le 909, 51 avenue de l&rsquo;Abb\u00e9 Mercherz 47240 Castelculier Pour nous joindre: 06 59 16 53 88le909mail@gmail.com Pour nous \u00e9crire: Le 909Mairie47240 Castelculier Pour nous trouver : le 909, 51 avenue de l&rsquo;Abb\u00e9 Mercherz 47240 Castelculier Pour nous joindre: 06 59 16 53 88le909mail@gmail.com Pour nous \u00e9crire: Le 909Mairie47240 Castelculier<\/p>\n","protected":false},"author":1,"featured_media":0,"parent":0,"menu_order":0,"comment_status":"closed","ping_status":"closed","template":"","meta":{"footnotes":""},"class_list":["post-16","page","type-page","status-publish","hentry"],"_links":{"self":[{"href":"https:\/\/le909.com\/wordpress\/wp-json\/wp\/v2\/pages\/16","targetHints":{"allow":["GET"]}}],"collection":[{"href":"https:\/\/le909.com\/wordpress\/wp-json\/wp\/v2\/pages"}],"about":[{"href":"https:\/\/le909.com\/wordpress\/wp-json\/wp\/v2\/types\/page"}],"author":[{"embeddable":true,"href":"https:\/\/le909.com\/wordpress\/wp-json\/wp\/v2\/users\/1"}],"replies":[{"embeddable":true,"href":"https:\/\/le909.com\/wordpress\/wp-json\/wp\/v2\/comments?post=16"}],"version-history":[{"count":152,"href":"https:\/\/le909.com\/wordpress\/wp-json\/wp\/v2\/pages\/16\/revisions"}],"predecessor-version":[{"id":2184,"href":"https:\/\/le909.com\/wordpress\/wp-json\/wp\/v2\/pages\/16\/revisions\/2184"}],"wp:attachment":[{"href":"https:\/\/le909.com\/wordpress\/wp-json\/wp\/v2\/media?parent=16"}],"curies":[{"name":"wp","href":"https:\/\/api.w.org\/{rel}","templated":true}]}}