{"id":339,"date":"2021-05-05T10:55:08","date_gmt":"2021-05-05T08:55:08","guid":{"rendered":"http:\/\/le909.com\/wordpress\/?page_id=339"},"modified":"2025-04-16T18:10:44","modified_gmt":"2025-04-16T16:10:44","slug":"la-formation-professionnelle","status":"publish","type":"page","link":"https:\/\/le909.com\/wordpress\/la-formation-professionnelle\/","title":{"rendered":"La formation professionnelle"},"content":{"rendered":"\t\t<div data-elementor-type=\"wp-page\" data-elementor-id=\"339\" class=\"elementor elementor-339\">\n\t\t\t\t<div class=\"elementor-element elementor-element-30845e3b e-flex e-con-boxed wpr-particle-no wpr-jarallax-no wpr-parallax-no wpr-sticky-section-no e-con e-parent\" data-id=\"30845e3b\" data-element_type=\"container\" data-e-type=\"container\">\n\t\t\t\t\t<div class=\"e-con-inner\">\n\t\t\t\t<div class=\"elementor-element elementor-element-47c33a7e elementor-widget elementor-widget-text-editor\" data-id=\"47c33a7e\" data-element_type=\"widget\" data-e-type=\"widget\" data-widget_type=\"text-editor.default\">\n\t\t\t\t<div class=\"elementor-widget-container\">\n\t\t\t\t\t\t\t\t\t\n<figure class=\"wp-block-image size-large\"><img fetchpriority=\"high\" decoding=\"async\" width=\"1281\" height=\"904\" src=\"http:\/\/le909.com\/wordpress\/wp-content\/uploads\/2021\/05\/A_Page_21-edited.jpg\" alt=\"\" class=\"wp-image-425\" srcset=\"https:\/\/le909.com\/wordpress\/wp-content\/uploads\/2021\/05\/A_Page_21-edited.jpg 1281w, https:\/\/le909.com\/wordpress\/wp-content\/uploads\/2021\/05\/A_Page_21-edited-300x212.jpg 300w, https:\/\/le909.com\/wordpress\/wp-content\/uploads\/2021\/05\/A_Page_21-edited-1024x723.jpg 1024w, https:\/\/le909.com\/wordpress\/wp-content\/uploads\/2021\/05\/A_Page_21-edited-768x542.jpg 768w\" sizes=\"(max-width: 706px) 89vw, (max-width: 767px) 82vw, 740px\" \/><figcaption class=\"wp-element-caption\">Cr\u00e9dit photo: Alma\u00efm<\/figcaption><\/figure>\n\n\n\n<p>La formation professionnelle s&rsquo;adresse aux entreprises ou aux particuliers d\u00e9sireux de progresser dans leur domaine professionnel.<\/p>\n\n\n\n<p>Le plus souvent il s&rsquo;agit d&rsquo;aider \u00e0 la prise de paroles en public, mais aussi d&rsquo;aborder la question de coh\u00e9sion d&rsquo;un groupe, ou la place de l&rsquo;individu au service d&rsquo;un objectif commun.<\/p>\n\n\n\n<p>Pour ce faire de nombreuses formules de travail sont possibles. Fort d&rsquo;une exp\u00e9rience \u00e9tablie sur plusieurs ann\u00e9es et port\u00e9 par Arnaud Aldig\u00e9, le p\u00f4le de formation professionnel du 909 que nous proposons se d\u00e9veloppe autour de \u00ab\u00a0la rencontre sur-mesure\u00a0\u00bb d\u00e9finie par un objectif commun.<\/p>\n\n\n\n<p>Nous avons travaill\u00e9 au minist\u00e8re de la justice pour aider \u00e0 la prise de parole en public, mais aussi dans des entreprises priv\u00e9es pour des journ\u00e9es d&rsquo;int\u00e9gration, ou dans le milieu universitaire, que pour des particuliers qui pr\u00e9parent une \u00e9ch\u00e9ance comme un grand oral de concours, ou un discours politique, ou encore l&rsquo;art de la plaidoirie.<\/p>\n\n\n\n<p>Nous pr\u00e9parons aux concours des grandes \u00e9coles de th\u00e9\u00e2tre.<\/p>\n\n\n\n<figure class=\"wp-block-image size-large\"><img decoding=\"async\" width=\"1024\" height=\"683\" src=\"http:\/\/le909.com\/wordpress\/wp-content\/uploads\/2020\/08\/69344618_2313111105391927_2009411577693863936_o-1024x683.jpg\" alt=\"\" class=\"wp-image-217\" srcset=\"https:\/\/le909.com\/wordpress\/wp-content\/uploads\/2020\/08\/69344618_2313111105391927_2009411577693863936_o-1024x683.jpg 1024w, https:\/\/le909.com\/wordpress\/wp-content\/uploads\/2020\/08\/69344618_2313111105391927_2009411577693863936_o-300x200.jpg 300w, https:\/\/le909.com\/wordpress\/wp-content\/uploads\/2020\/08\/69344618_2313111105391927_2009411577693863936_o-768x512.jpg 768w, https:\/\/le909.com\/wordpress\/wp-content\/uploads\/2020\/08\/69344618_2313111105391927_2009411577693863936_o-1536x1024.jpg 1536w, https:\/\/le909.com\/wordpress\/wp-content\/uploads\/2020\/08\/69344618_2313111105391927_2009411577693863936_o.jpg 1944w\" sizes=\"(max-width: 706px) 89vw, (max-width: 767px) 82vw, 740px\" \/><\/figure>\n\t\t\t\t\t\t\t\t<\/div>\n\t\t\t\t<\/div>\n\t\t\t\t\t<\/div>\n\t\t\t\t<\/div>\n\t\t\t\t<\/div>\n\t\t","protected":false},"excerpt":{"rendered":"<p>La formation professionnelle s&rsquo;adresse aux entreprises ou aux particuliers d\u00e9sireux de progresser dans leur domaine professionnel. Le plus souvent il s&rsquo;agit d&rsquo;aider \u00e0 la prise de paroles en public, mais aussi d&rsquo;aborder la question de coh\u00e9sion d&rsquo;un groupe, ou la place de l&rsquo;individu au service d&rsquo;un objectif commun. Pour ce faire de nombreuses formules de travail sont possibles. Fort d&rsquo;une exp\u00e9rience \u00e9tablie sur plusieurs ann\u00e9es et port\u00e9 par Arnaud Aldig\u00e9, le p\u00f4le de formation professionnel du 909 que nous proposons se d\u00e9veloppe autour de \u00ab\u00a0la rencontre sur-mesure\u00a0\u00bb d\u00e9finie par un objectif commun. Nous avons travaill\u00e9 au minist\u00e8re de la justice pour aider \u00e0 la prise de parole en public, mais aussi dans des entreprises priv\u00e9es pour des journ\u00e9es d&rsquo;int\u00e9gration, ou dans le milieu universitaire, que pour des particuliers qui pr\u00e9parent une \u00e9ch\u00e9ance comme un grand oral de concours, ou un discours politique, ou encore l&rsquo;art de la plaidoirie. Nous pr\u00e9parons aux concours des grandes \u00e9coles de th\u00e9\u00e2tre.<\/p>\n","protected":false},"author":1,"featured_media":0,"parent":0,"menu_order":0,"comment_status":"closed","ping_status":"closed","template":"","meta":{"footnotes":""},"class_list":["post-339","page","type-page","status-publish","hentry"],"_links":{"self":[{"href":"https:\/\/le909.com\/wordpress\/wp-json\/wp\/v2\/pages\/339","targetHints":{"allow":["GET"]}}],"collection":[{"href":"https:\/\/le909.com\/wordpress\/wp-json\/wp\/v2\/pages"}],"about":[{"href":"https:\/\/le909.com\/wordpress\/wp-json\/wp\/v2\/types\/page"}],"author":[{"embeddable":true,"href":"https:\/\/le909.com\/wordpress\/wp-json\/wp\/v2\/users\/1"}],"replies":[{"embeddable":true,"href":"https:\/\/le909.com\/wordpress\/wp-json\/wp\/v2\/comments?post=339"}],"version-history":[{"count":7,"href":"https:\/\/le909.com\/wordpress\/wp-json\/wp\/v2\/pages\/339\/revisions"}],"predecessor-version":[{"id":1977,"href":"https:\/\/le909.com\/wordpress\/wp-json\/wp\/v2\/pages\/339\/revisions\/1977"}],"wp:attachment":[{"href":"https:\/\/le909.com\/wordpress\/wp-json\/wp\/v2\/media?parent=339"}],"curies":[{"name":"wp","href":"https:\/\/api.w.org\/{rel}","templated":true}]}}